{"id":479,"date":"2025-05-15T10:20:14","date_gmt":"2025-05-15T08:20:14","guid":{"rendered":"https:\/\/hamehoney.fi\/?page_id=479"},"modified":"2026-02-23T19:34:57","modified_gmt":"2026-02-23T17:34:57","slug":"varaa-kuvauspaikka","status":"publish","type":"page","link":"https:\/\/hamehoney.fi\/en\/varaa-kuvauspaikka\/","title":{"rendered":"Varaa kuvauspaikka"},"content":{"rendered":"\n<div class=\"wp-block-columns is-layout-flex wp-container-core-columns-is-layout-28f84493 wp-block-columns-is-layout-flex\">\n<div class=\"wp-block-column is-layout-flow wp-block-column-is-layout-flow\" style=\"flex-basis:25%\"><\/div>\n\n\n\n<div class=\"wp-block-column is-layout-flow wp-block-column-is-layout-flow\" style=\"flex-basis:50%\">\n<h2 class=\"wp-block-heading\">Varaa kuvauspaikka<\/h2>\n\n\n\n<p>Ajanvaraus toimii aamu ja iltavuoroissa.&nbsp;&nbsp;<\/p>\n\n\n\n<p>Aamuvuorossa kojulle menn\u00e4\u00e4n viimeist\u00e4\u00e4n puoli tuntia ennen auringon nousua. Aamuvuoro p\u00e4\u00e4ttyy klo 11.<\/p>\n\n\n\n<p>Iltavuoro alkaa klo 13 ja p\u00e4\u00e4ttyy puoli tuntia auringonlaskun j\u00e4lkeen.<\/p>\n\n\n\n<p>Siirtym\u00e4tauko kojuille on klo 11-13.&nbsp;<\/p>\n\n\n\n<p>Huomioi, ett\u00e4 saatamme tehd\u00e4 kuvauspaikan huoltotoimenpiteit\u00e4&nbsp; kuvausvuoron aikana, pyrkien pit\u00e4m\u00e4\u00e4n h\u00e4iri\u00f6n mahdollisimman pienen\u00e4. Maatilan ty\u00f6t tehd\u00e4\u00e4n sesongin mukaisena ajankohtana.&nbsp;<\/p>\n<\/div>\n\n\n\n<div class=\"wp-block-column is-layout-flow wp-block-column-is-layout-flow\" style=\"flex-basis:25%\"><\/div>\n<\/div>\n\n\n\n<div class=\"wp-block-amelia-step-booking-gutenberg-block\">\n<script>\n  if (typeof hasAmeliaEntitiesApiCall === 'undefined' && ('' === '' && '' !== '1')) {\n    var hasAmeliaEntitiesApiCall = true;\n  }\n  var ameliaShortcodeData = (typeof ameliaShortcodeData === 'undefined') ? [] : ameliaShortcodeData;\n  ameliaShortcodeData.push(\n    {\n      'hasApiCall': (typeof hasAmeliaEntitiesApiCall !== 'undefined') && hasAmeliaEntitiesApiCall,\n      'trigger': '',\n      'trigger_type': '',\n      'triggered_form': 'sbsNew',\n      'in_dialog': '',\n      'show': '',\n      'counter': '1000',\n      'category': '',\n      'service': '',\n      'employee': '',\n      'location': '',\n      'package': '',\n      'layout': '1',\n    }\n  );\n\n  var ameliaShortcodeDataTriggered = (typeof ameliaShortcodeDataTriggered === 'undefined') ? [] : ameliaShortcodeDataTriggered;\n  if (ameliaShortcodeData[ameliaShortcodeData.length - 1].trigger !== '') {\n    if (ameliaShortcodeDataTriggered.filter(a => a.counter === ameliaShortcodeData[ameliaShortcodeData.length - 1].counter).length === 0) {\n      ameliaShortcodeDataTriggered.push(ameliaShortcodeData.pop());\n    } else {\n      ameliaShortcodeData.pop()\n    }\n  }\n  if (typeof hasAmeliaEntitiesApiCall !== 'undefined' && hasAmeliaEntitiesApiCall) {\n    hasAmeliaEntitiesApiCall = false;\n  }\n<\/script>\n\n<div\n  id=\"amelia-v2-booking-1000\"\n  class=\"amelia-v2-booking\"\n >\n    <step-form-wrapper><\/step-form-wrapper><\/div>\n<\/div>\n\n\n\n<p><\/p>\n","protected":false},"excerpt":{"rendered":"<p>Varaa kuvauspaikka Ajanvaraus toimii aamu ja iltavuoroissa.&nbsp;&nbsp; Aamuvuorossa kojulle menn\u00e4\u00e4n viimeist\u00e4\u00e4n puoli tuntia ennen auringon nousua. Aamuvuoro p\u00e4\u00e4ttyy klo 11. Iltavuoro alkaa klo 13 ja p\u00e4\u00e4ttyy puoli tuntia auringonlaskun j\u00e4lkeen. Siirtym\u00e4tauko kojuille on klo 11-13.&nbsp; Huomioi, ett\u00e4 saatamme tehd\u00e4 kuvauspaikan huoltotoimenpiteit\u00e4&nbsp; kuvausvuoron aikana, pyrkien pit\u00e4m\u00e4\u00e4n h\u00e4iri\u00f6n mahdollisimman pienen\u00e4. Maatilan ty\u00f6t tehd\u00e4\u00e4n sesongin mukaisena ajankohtana.&nbsp;<\/p>","protected":false},"author":5,"featured_media":0,"parent":0,"menu_order":0,"comment_status":"closed","ping_status":"closed","template":"","meta":{"_acf_changed":false,"footnotes":""},"class_list":["post-479","page","type-page","status-publish","hentry"],"acf":[],"_links":{"self":[{"href":"https:\/\/hamehoney.fi\/en\/wp-json\/wp\/v2\/pages\/479","targetHints":{"allow":["GET"]}}],"collection":[{"href":"https:\/\/hamehoney.fi\/en\/wp-json\/wp\/v2\/pages"}],"about":[{"href":"https:\/\/hamehoney.fi\/en\/wp-json\/wp\/v2\/types\/page"}],"author":[{"embeddable":true,"href":"https:\/\/hamehoney.fi\/en\/wp-json\/wp\/v2\/users\/5"}],"replies":[{"embeddable":true,"href":"https:\/\/hamehoney.fi\/en\/wp-json\/wp\/v2\/comments?post=479"}],"version-history":[{"count":8,"href":"https:\/\/hamehoney.fi\/en\/wp-json\/wp\/v2\/pages\/479\/revisions"}],"predecessor-version":[{"id":641,"href":"https:\/\/hamehoney.fi\/en\/wp-json\/wp\/v2\/pages\/479\/revisions\/641"}],"wp:attachment":[{"href":"https:\/\/hamehoney.fi\/en\/wp-json\/wp\/v2\/media?parent=479"}],"curies":[{"name":"wp","href":"https:\/\/api.w.org\/{rel}","templated":true}]}}